{"id":24741,"date":"2024-09-14T11:51:51","date_gmt":"2024-09-14T09:51:51","guid":{"rendered":"https:\/\/salamba.pl\/?page_id=24741"},"modified":"2024-10-01T18:34:59","modified_gmt":"2024-10-01T16:34:59","slug":"ciekawostki-o-jodze","status":"publish","type":"page","link":"https:\/\/salamba.pl\/?page_id=24741","title":{"rendered":"Ciekawostki o jodze"},"content":{"rendered":"\n<ul class=\"wp-block-list\">\n<li>co wsp\u00f3lnego maj\u0105 ze sob\u0105 Joga Iyengara i Ashtanga joga?<\/li>\n<\/ul>\n\n\n\n<p>Ot\u00f3\u017c B.K.S. Iyengar (14 grudnia 1918 w Belur &#8211; 20 sierpnia 2014 w Pune)&nbsp; i Pattabhi&nbsp;Jois (26 lipca 1915 \u2013 18 maja 2009) byli uczniami tego samego nauczyciela T.K.V. Krishnamacharyi (1888- 1989).  Najs\u0142ynniejsz\u0105 i pierwsz\u0105 kobiet\u0105, kt\u00f3r\u0105 uczy\u0142 Krishnamacharya by\u0142a pierwsza joginka &#8211; uczennica T.K.V. Krishnamacharyi Zhenia Labunskaia czyli Indra Devi (1900 &#8211; 2002), Indra Devi jako pierwsza przenios\u0142a nauki Krishnamacharyi poza Indie \u2013 najpierw do Chin i Rosji, potem do USA.<\/p>\n\n\n\n<p>Indra Devi , B.K.S. Iyengar i Pattabi Jois, przenie\u015bli jog\u0119 na wszystkie kontynenty.<\/p>\n\n\n\n<p>Bellur Krishnamachar Sundararaja Iyangar, jeden z najwybitniejszych wsp\u00f3\u0142czesnych nauczycieli<em> <\/em>jogi<\/p>\n\n\n\n<p>oto ciekawy artyku\u0142 o B.K.S. Iyengarze <a href=\"https:\/\/joga.org.pl\/artykuly,stworzony-przez-joge-portret-b-k-s-iyengara-oczami-irene-niessen-nauczycielki-jogi-i-dziennikarki,4,7.html\">https:\/\/joga.org.pl\/artykuly,stworzony-przez-joge-portret-b-k-s-iyengara-oczami-irene-niessen-nauczycielki-jogi-i-dziennikarki,4,7.html<\/a><\/p>\n\n\n\n<div class=\"wp-block-group\"><div class=\"wp-block-group__inner-container is-layout-constrained wp-block-group-is-layout-constrained\">\n<div class=\"wp-block-group\"><div class=\"wp-block-group__inner-container is-layout-constrained wp-block-group-is-layout-constrained\">\n<div class=\"wp-block-columns is-layout-flex wp-container-core-columns-is-layout-9d6595d7 wp-block-columns-is-layout-flex\">\n<div class=\"wp-block-column is-layout-flow wp-block-column-is-layout-flow\" style=\"flex-basis:100%\">\n<figure class=\"wp-block-image size-large\"><img loading=\"lazy\" decoding=\"async\" width=\"710\" height=\"1024\" src=\"https:\/\/salamba.pl\/wp-content\/uploads\/2024\/09\/BKS-Iyengar.jpg-710x1024.webp\" alt=\"\" class=\"wp-image-24743\" srcset=\"https:\/\/salamba.pl\/wp-content\/uploads\/2024\/09\/BKS-Iyengar.jpg-710x1024.webp 710w, https:\/\/salamba.pl\/wp-content\/uploads\/2024\/09\/BKS-Iyengar.jpg-208x300.webp 208w, https:\/\/salamba.pl\/wp-content\/uploads\/2024\/09\/BKS-Iyengar.jpg-768x1107.webp 768w, https:\/\/salamba.pl\/wp-content\/uploads\/2024\/09\/BKS-Iyengar.jpg-1066x1536.webp 1066w, https:\/\/salamba.pl\/wp-content\/uploads\/2024\/09\/BKS-Iyengar.jpg.webp 1110w\" sizes=\"auto, (max-width: 710px) 100vw, 710px\" \/><\/figure>\n<\/div>\n<\/div>\n<\/div><\/div>\n<\/div><\/div>\n\n\n\n<ul class=\"wp-block-list\">\n<li>jak\u0105 jog\u0119 wybra\u0107? zanim zaczniesz praktyk\u0119 jogi zorientuj si\u0119 jaki styl ci odpowiada; <\/li>\n\n\n\n<li>zwr\u00f3\u0107 te\u017c uwag\u0119 na kwalifikacje osoby prowadz\u0105cej zaj\u0119cia, jak d\u0142ugo praktykuje jog\u0119 i jaki ma sta\u017c w uczeniu; <\/li>\n\n\n\n<li>czy osoba prowadz\u0105ca zdoby\u0142a kwalifikacje w czasie d\u0142ugoletniego szkolenia, a mo\u017ce w internetowym kursie;<\/li>\n\n\n\n<li>zorientuj si\u0119 czy zaj\u0119cia s\u0105 prowadzone dla os\u00f3b pocz\u0105tkuj\u0105cych i dok\u0142adnie t\u0142umaczone<\/li>\n<\/ul>\n","protected":false},"excerpt":{"rendered":"<p>Ot\u00f3\u017c B.K.S. Iyengar (14 grudnia 1918 w Belur &#8211; 20 sierpnia 2014 w Pune)&nbsp; i Pattabhi&nbsp;Jois (26 lipca 1915 \u2013 18 maja 2009) byli uczniami tego samego nauczyciela T.K.V. Krishnamacharyi (1888- 1989). Najs\u0142ynniejsz\u0105 i pierwsz\u0105 kobiet\u0105, kt\u00f3r\u0105 uczy\u0142 Krishnamacharya by\u0142a pierwsza joginka &#8211; uczennica T.K.V. Krishnamacharyi Zhenia Labunskaia czyli Indra Devi (1900 &#8211; 2002), Indra Devi jako pierwsza przenios\u0142a nauki Krishnamacharyi poza Indie \u2013 najpierw do Chin i Rosji, potem do USA. Indra Devi , B.K.S. Iyengar i Pattabi Jois, przenie\u015bli jog\u0119 na wszystkie kontynenty. Bellur Krishnamachar Sundararaja Iyangar, jeden z najwybitniejszych wsp\u00f3\u0142czesnych nauczycieli jogi oto ciekawy artyku\u0142 o B.K.S. Iyengarze https:\/\/joga.org.pl\/artykuly,stworzony-przez-joge-portret-b-k-s-iyengara-oczami-irene-niessen-nauczycielki-jogi-i-dziennikarki,4,7.html<\/p>\n","protected":false},"author":1,"featured_media":0,"parent":0,"menu_order":0,"comment_status":"closed","ping_status":"closed","template":"","meta":{"footnotes":""},"class_list":["post-24741","page","type-page","status-publish","hentry"],"yoast_head":"<!-- This site is optimized with the Yoast SEO plugin v23.5 - https:\/\/yoast.com\/wordpress\/plugins\/seo\/ -->\n<title>Ciekawostki o jodze - Salamba %jogapoznan<\/title>\n<meta name=\"description\" content=\"Joga Iyengara w Poznaniu, ciekawostki o jodze - co mo\u017ce ci\u0119 zainteresowa\u0107 gdy zaczynasz praktyk\u0119 jogi? Jaka jog\u0119 wybra\u0107?\" \/>\n<meta name=\"robots\" content=\"index, follow, max-snippet:-1, max-image-preview:large, max-video-preview:-1\" \/>\n<link rel=\"canonical\" href=\"https:\/\/salamba.pl\/?page_id=24741\" \/>\n<meta property=\"og:locale\" content=\"pl_PL\" \/>\n<meta property=\"og:type\" content=\"article\" \/>\n<meta property=\"og:title\" content=\"Ciekawostki o jodze - Salamba %jogapoznan\" \/>\n<meta property=\"og:description\" content=\"Joga Iyengara w Poznaniu, ciekawostki o jodze - co mo\u017ce ci\u0119 zainteresowa\u0107 gdy zaczynasz praktyk\u0119 jogi? Jaka jog\u0119 wybra\u0107?\" \/>\n<meta property=\"og:url\" content=\"https:\/\/salamba.pl\/?page_id=24741\" \/>\n<meta property=\"og:site_name\" content=\"Salamba\" \/>\n<meta property=\"article:publisher\" content=\"https:\/\/www.facebook.com\/inkajoga\" \/>\n<meta property=\"article:modified_time\" content=\"2024-10-01T16:34:59+00:00\" \/>\n<meta property=\"og:image\" content=\"https:\/\/salamba.pl\/wp-content\/uploads\/2024\/09\/BKS-Iyengar.jpg-710x1024.webp\" \/>\n<meta name=\"twitter:card\" content=\"summary_large_image\" \/>\n<meta name=\"twitter:label1\" content=\"Szacowany czas czytania\" \/>\n\t<meta name=\"twitter:data1\" content=\"2 minuty\" \/>\n<script type=\"application\/ld+json\" class=\"yoast-schema-graph\">{\"@context\":\"https:\/\/schema.org\",\"@graph\":[{\"@type\":\"WebPage\",\"@id\":\"https:\/\/salamba.pl\/?page_id=24741\",\"url\":\"https:\/\/salamba.pl\/?page_id=24741\",\"name\":\"Ciekawostki o jodze - Salamba %jogapoznan\",\"isPartOf\":{\"@id\":\"https:\/\/salamba.pl\/#website\"},\"primaryImageOfPage\":{\"@id\":\"https:\/\/salamba.pl\/?page_id=24741#primaryimage\"},\"image\":{\"@id\":\"https:\/\/salamba.pl\/?page_id=24741#primaryimage\"},\"thumbnailUrl\":\"https:\/\/salamba.pl\/wp-content\/uploads\/2024\/09\/BKS-Iyengar.jpg-710x1024.webp\",\"datePublished\":\"2024-09-14T09:51:51+00:00\",\"dateModified\":\"2024-10-01T16:34:59+00:00\",\"description\":\"Joga Iyengara w Poznaniu, ciekawostki o jodze - co mo\u017ce ci\u0119 zainteresowa\u0107 gdy zaczynasz praktyk\u0119 jogi? Jaka jog\u0119 wybra\u0107?\",\"breadcrumb\":{\"@id\":\"https:\/\/salamba.pl\/?page_id=24741#breadcrumb\"},\"inLanguage\":\"pl-PL\",\"potentialAction\":[{\"@type\":\"ReadAction\",\"target\":[\"https:\/\/salamba.pl\/?page_id=24741\"]}]},{\"@type\":\"ImageObject\",\"inLanguage\":\"pl-PL\",\"@id\":\"https:\/\/salamba.pl\/?page_id=24741#primaryimage\",\"url\":\"https:\/\/salamba.pl\/wp-content\/uploads\/2024\/09\/BKS-Iyengar.jpg.webp\",\"contentUrl\":\"https:\/\/salamba.pl\/wp-content\/uploads\/2024\/09\/BKS-Iyengar.jpg.webp\",\"width\":1110,\"height\":1600},{\"@type\":\"BreadcrumbList\",\"@id\":\"https:\/\/salamba.pl\/?page_id=24741#breadcrumb\",\"itemListElement\":[{\"@type\":\"ListItem\",\"position\":1,\"name\":\"Strona g\u0142\u00f3wna\",\"item\":\"https:\/\/salamba.pl\/\"},{\"@type\":\"ListItem\",\"position\":2,\"name\":\"Ciekawostki o jodze\"}]},{\"@type\":\"WebSite\",\"@id\":\"https:\/\/salamba.pl\/#website\",\"url\":\"https:\/\/salamba.pl\/\",\"name\":\"Salamba\",\"description\":\"Joga Inka Salamba\",\"publisher\":{\"@id\":\"https:\/\/salamba.pl\/#organization\"},\"potentialAction\":[{\"@type\":\"SearchAction\",\"target\":{\"@type\":\"EntryPoint\",\"urlTemplate\":\"https:\/\/salamba.pl\/?s={search_term_string}\"},\"query-input\":{\"@type\":\"PropertyValueSpecification\",\"valueRequired\":true,\"valueName\":\"search_term_string\"}}],\"inLanguage\":\"pl-PL\"},{\"@type\":\"Organization\",\"@id\":\"https:\/\/salamba.pl\/#organization\",\"name\":\"Salamba\",\"url\":\"https:\/\/salamba.pl\/\",\"logo\":{\"@type\":\"ImageObject\",\"inLanguage\":\"pl-PL\",\"@id\":\"https:\/\/salamba.pl\/#\/schema\/logo\/image\/\",\"url\":\"https:\/\/salamba.pl\/wp-content\/uploads\/2018\/08\/g115.png\",\"contentUrl\":\"https:\/\/salamba.pl\/wp-content\/uploads\/2018\/08\/g115.png\",\"width\":277,\"height\":323,\"caption\":\"Salamba\"},\"image\":{\"@id\":\"https:\/\/salamba.pl\/#\/schema\/logo\/image\/\"},\"sameAs\":[\"https:\/\/www.facebook.com\/inkajoga\"]}]}<\/script>\n<!-- \/ Yoast SEO plugin. -->","yoast_head_json":{"title":"Ciekawostki o jodze - Salamba %jogapoznan","description":"Joga Iyengara w Poznaniu, ciekawostki o jodze - co mo\u017ce ci\u0119 zainteresowa\u0107 gdy zaczynasz praktyk\u0119 jogi? Jaka jog\u0119 wybra\u0107?","robots":{"index":"index","follow":"follow","max-snippet":"max-snippet:-1","max-image-preview":"max-image-preview:large","max-video-preview":"max-video-preview:-1"},"canonical":"https:\/\/salamba.pl\/?page_id=24741","og_locale":"pl_PL","og_type":"article","og_title":"Ciekawostki o jodze - Salamba %jogapoznan","og_description":"Joga Iyengara w Poznaniu, ciekawostki o jodze - co mo\u017ce ci\u0119 zainteresowa\u0107 gdy zaczynasz praktyk\u0119 jogi? Jaka jog\u0119 wybra\u0107?","og_url":"https:\/\/salamba.pl\/?page_id=24741","og_site_name":"Salamba","article_publisher":"https:\/\/www.facebook.com\/inkajoga","article_modified_time":"2024-10-01T16:34:59+00:00","og_image":[{"url":"https:\/\/salamba.pl\/wp-content\/uploads\/2024\/09\/BKS-Iyengar.jpg-710x1024.webp"}],"twitter_card":"summary_large_image","twitter_misc":{"Szacowany czas czytania":"2 minuty"},"schema":{"@context":"https:\/\/schema.org","@graph":[{"@type":"WebPage","@id":"https:\/\/salamba.pl\/?page_id=24741","url":"https:\/\/salamba.pl\/?page_id=24741","name":"Ciekawostki o jodze - Salamba %jogapoznan","isPartOf":{"@id":"https:\/\/salamba.pl\/#website"},"primaryImageOfPage":{"@id":"https:\/\/salamba.pl\/?page_id=24741#primaryimage"},"image":{"@id":"https:\/\/salamba.pl\/?page_id=24741#primaryimage"},"thumbnailUrl":"https:\/\/salamba.pl\/wp-content\/uploads\/2024\/09\/BKS-Iyengar.jpg-710x1024.webp","datePublished":"2024-09-14T09:51:51+00:00","dateModified":"2024-10-01T16:34:59+00:00","description":"Joga Iyengara w Poznaniu, ciekawostki o jodze - co mo\u017ce ci\u0119 zainteresowa\u0107 gdy zaczynasz praktyk\u0119 jogi? Jaka jog\u0119 wybra\u0107?","breadcrumb":{"@id":"https:\/\/salamba.pl\/?page_id=24741#breadcrumb"},"inLanguage":"pl-PL","potentialAction":[{"@type":"ReadAction","target":["https:\/\/salamba.pl\/?page_id=24741"]}]},{"@type":"ImageObject","inLanguage":"pl-PL","@id":"https:\/\/salamba.pl\/?page_id=24741#primaryimage","url":"https:\/\/salamba.pl\/wp-content\/uploads\/2024\/09\/BKS-Iyengar.jpg.webp","contentUrl":"https:\/\/salamba.pl\/wp-content\/uploads\/2024\/09\/BKS-Iyengar.jpg.webp","width":1110,"height":1600},{"@type":"BreadcrumbList","@id":"https:\/\/salamba.pl\/?page_id=24741#breadcrumb","itemListElement":[{"@type":"ListItem","position":1,"name":"Strona g\u0142\u00f3wna","item":"https:\/\/salamba.pl\/"},{"@type":"ListItem","position":2,"name":"Ciekawostki o jodze"}]},{"@type":"WebSite","@id":"https:\/\/salamba.pl\/#website","url":"https:\/\/salamba.pl\/","name":"Salamba","description":"Joga Inka Salamba","publisher":{"@id":"https:\/\/salamba.pl\/#organization"},"potentialAction":[{"@type":"SearchAction","target":{"@type":"EntryPoint","urlTemplate":"https:\/\/salamba.pl\/?s={search_term_string}"},"query-input":{"@type":"PropertyValueSpecification","valueRequired":true,"valueName":"search_term_string"}}],"inLanguage":"pl-PL"},{"@type":"Organization","@id":"https:\/\/salamba.pl\/#organization","name":"Salamba","url":"https:\/\/salamba.pl\/","logo":{"@type":"ImageObject","inLanguage":"pl-PL","@id":"https:\/\/salamba.pl\/#\/schema\/logo\/image\/","url":"https:\/\/salamba.pl\/wp-content\/uploads\/2018\/08\/g115.png","contentUrl":"https:\/\/salamba.pl\/wp-content\/uploads\/2018\/08\/g115.png","width":277,"height":323,"caption":"Salamba"},"image":{"@id":"https:\/\/salamba.pl\/#\/schema\/logo\/image\/"},"sameAs":["https:\/\/www.facebook.com\/inkajoga"]}]}},"_links":{"self":[{"href":"https:\/\/salamba.pl\/index.php?rest_route=\/wp\/v2\/pages\/24741","targetHints":{"allow":["GET"]}}],"collection":[{"href":"https:\/\/salamba.pl\/index.php?rest_route=\/wp\/v2\/pages"}],"about":[{"href":"https:\/\/salamba.pl\/index.php?rest_route=\/wp\/v2\/types\/page"}],"author":[{"embeddable":true,"href":"https:\/\/salamba.pl\/index.php?rest_route=\/wp\/v2\/users\/1"}],"replies":[{"embeddable":true,"href":"https:\/\/salamba.pl\/index.php?rest_route=%2Fwp%2Fv2%2Fcomments&post=24741"}],"version-history":[{"count":4,"href":"https:\/\/salamba.pl\/index.php?rest_route=\/wp\/v2\/pages\/24741\/revisions"}],"predecessor-version":[{"id":24781,"href":"https:\/\/salamba.pl\/index.php?rest_route=\/wp\/v2\/pages\/24741\/revisions\/24781"}],"wp:attachment":[{"href":"https:\/\/salamba.pl\/index.php?rest_route=%2Fwp%2Fv2%2Fmedia&parent=24741"}],"curies":[{"name":"wp","href":"https:\/\/api.w.org\/{rel}","templated":true}]}}