{"id":56,"date":"2018-08-15T16:12:55","date_gmt":"2018-08-15T14:12:55","guid":{"rendered":"http:\/\/serwer23647.lh.pl\/?page_id=56"},"modified":"2026-02-25T22:21:15","modified_gmt":"2026-02-25T21:21:15","slug":"gdzie-i-kiedy-joga-w-poznaniu","status":"publish","type":"page","link":"https:\/\/salamba.pl\/?page_id=56","title":{"rendered":"Gdzie i kiedy joga"},"content":{"rendered":"\n<div class=\"wp-block-columns is-layout-flex wp-container-core-columns-is-layout-9d6595d7 wp-block-columns-is-layout-flex\">\n<div class=\"wp-block-column is-layout-flow wp-block-column-is-layout-flow\" style=\"flex-basis:100%\">\n<h2><strong>Plan 2024:<\/strong><\/h2>\n<p><strong><em><span style=\"font-size: 16px;\">W Poznaniu\u00a0 na ul. Skarbka 35\u00a0<\/span><\/em><\/strong><\/p>\n<p><strong><em><span style=\"font-size: 16px;\">zapraszamy z kartami MULTISPORT, MEDICOVER, \u00a0PZU SPORT, FITPROFIT<\/span><\/em><\/strong><\/p>\n<p><strong>poniedzia\u0142ek \u00a0 17:30 &#8211; joga\u00a0\u00a0pocz\u0105tkuj\u0105cy (kurs zerowy)<\/strong><\/p>\n<p><strong>poniedzia\u0142ek \u00a019:00 &#8211; joga \u015brednio zaawansowani<\/strong><\/p>\n<p><strong>poniedzia\u0142ek \u00a020:00 &#8211; joga relaks (odwr\u00f3cone, pranayama)<\/strong><\/p>\n<p>&nbsp;<\/p>\n<p><strong>\u015broda \u00a0 \u00a0 \u00a0 \u00a0 \u00a0 \u00a0 \u00a0 \u00a019:00 &#8211; joga \u015brednio zaawansowani<\/strong><\/p>\n<p><strong>\u015broda. \u00a0 \u00a0 \u00a0 \u00a0 \u00a0 \u00a0 \u00a0 20:00 &#8211; joga relaks (odwr\u00f3cone, pranayama)<\/strong><\/p>\n<p><strong><em>oraz on-line<\/em><\/strong><\/p>\n<p><strong>wtorek. \u00a0 \u00a0 \u00a0 \u00a0 \u00a0 \u00a019:30 &#8211; joga online ZOOM<\/strong><\/p>\n<p><strong>pi\u0105tek Puszczykowo Sportoteka &#8211; op\u0142ata w recepcji<\/strong><\/p>\n<p><strong>19:00 &#8211; 20:30 gr<em>upa mieszana<\/em><\/strong><\/p>\n<p><strong><em>OP\u0141ATY:<\/em><\/strong><\/p>\n<p><strong><em>na sali LOVAYOGA<\/em><\/strong><\/p>\n<p><strong><em>1 zaj\u0119cia jednorazowe 45 z\u0142<\/em><\/strong><\/p>\n<p><strong><em>4 zaj\u0119cia w miesi\u0105cu 160 z\u0142<\/em><\/strong><\/p>\n<p><strong><em>6 zaj\u0119\u0107 w miesi\u0105cu \u00a0 \u00a0 210 z\u0142<\/em><\/strong><\/p>\n<p><strong><em>8 zaj\u0119\u0107 w miesi\u0105cu \u00a0 \u00a0260z\u0142<\/em><\/strong><\/p>\n<p><strong><em>ZOOM &#8211; wtorek \u00a019:30 \u00a0w grupie TEAM SALAMBA na fb lub podaj sw\u00f3j adres e-mail dostaniesz link do zaj\u0119\u0107<\/em><\/strong><\/p>\n<p><strong><em>\u00a0op\u0142ata za 1 zaj\u0119cia on-line 30 z\u0142 na konto TEAM SALAMBA \u00a0\u00a081 1020 4027 0000 1402 1640 2931\u00a0<\/em><\/strong><\/p>\n<p>zapraszamy osoby pocz\u0105tkuj\u0105ce i \u00a0\u015bredniozaawansowane, praktykujemy jog\u0119 z uwa\u017cno\u015bci\u0105 i poszanowaniem ogranicze\u0144<\/p>\n<\/div>\n<\/div>\n\n\n\n<div class=\"wp-block-cover\"><img loading=\"lazy\" decoding=\"async\" width=\"625\" height=\"350\" class=\"wp-block-cover__image-background wp-image-280\" alt=\"\" src=\"https:\/\/salamba.pl\/wp-content\/uploads\/2018\/08\/yoga_625x350_71444286398.jpg\" data-object-fit=\"cover\" srcset=\"https:\/\/salamba.pl\/wp-content\/uploads\/2018\/08\/yoga_625x350_71444286398.jpg 625w, https:\/\/salamba.pl\/wp-content\/uploads\/2018\/08\/yoga_625x350_71444286398-300x168.jpg 300w, https:\/\/salamba.pl\/wp-content\/uploads\/2018\/08\/yoga_625x350_71444286398-110x62.jpg 110w, https:\/\/salamba.pl\/wp-content\/uploads\/2018\/08\/yoga_625x350_71444286398-420x235.jpg 420w, https:\/\/salamba.pl\/wp-content\/uploads\/2018\/08\/yoga_625x350_71444286398-248x138.jpg 248w\" sizes=\"auto, (max-width: 625px) 100vw, 625px\" \/><span aria-hidden=\"true\" class=\"wp-block-cover__background has-background-dim\" style=\"background-color:#d24305\"><\/span><div class=\"wp-block-cover__inner-container is-layout-constrained wp-block-cover-is-layout-constrained\">\n<p class=\"has-text-align-center has-large-font-size\">cia\u0142o, umys\u0142 oddech<\/p>\n\n\n\n<p>       jamy nijamy asana pranayama pratjahara dharna dhjana samadhi &#8211; to 8 stopniowa joga<\/p>\n<\/div><\/div>\n","protected":false},"excerpt":{"rendered":"<p>Plan 2024: W Poznaniu\u00a0 na ul. Skarbka 35\u00a0 zapraszamy z kartami MULTISPORT, MEDICOVER, \u00a0PZU SPORT, FITPROFIT poniedzia\u0142ek \u00a0 17:30 &#8211; joga\u00a0\u00a0pocz\u0105tkuj\u0105cy (kurs zerowy) poniedzia\u0142ek \u00a019:00 &#8211; joga \u015brednio zaawansowani poniedzia\u0142ek \u00a020:00 &#8211; joga relaks (odwr\u00f3cone, pranayama) &nbsp; \u015broda \u00a0 \u00a0 \u00a0 \u00a0 \u00a0 \u00a0 \u00a0 \u00a019:00 &#8211; joga \u015brednio zaawansowani \u015broda. \u00a0 \u00a0 \u00a0 \u00a0 \u00a0 \u00a0 \u00a0 20:00 &#8211; joga relaks (odwr\u00f3cone, pranayama) oraz on-line wtorek. \u00a0 \u00a0 \u00a0 \u00a0 \u00a0 \u00a019:30 &#8211; joga online ZOOM pi\u0105tek Puszczykowo Sportoteka &#8211; op\u0142ata w recepcji 19:00 &#8211; 20:30 grupa mieszana OP\u0141ATY: na sali LOVAYOGA 1 zaj\u0119cia jednorazowe 45 z\u0142 4 zaj\u0119cia w miesi\u0105cu 160 z\u0142 6 zaj\u0119\u0107 w miesi\u0105cu \u00a0 \u00a0 210 z\u0142 8 zaj\u0119\u0107 w miesi\u0105cu \u00a0 \u00a0260z\u0142 ZOOM &#8211; wtorek \u00a019:30 \u00a0w grupie TEAM SALAMBA na fb lub podaj sw\u00f3j adres e-mail dostaniesz link do zaj\u0119\u0107 \u00a0op\u0142ata za 1 zaj\u0119cia on-line 30 z\u0142 na konto TEAM SALAMBA \u00a0\u00a081 1020 4027 0000 1402 1640 2931\u00a0 zapraszamy osoby pocz\u0105tkuj\u0105ce i \u00a0\u015bredniozaawansowane, praktykujemy jog\u0119 z uwa\u017cno\u015bci\u0105 i poszanowaniem ogranicze\u0144<\/p>\n","protected":false},"author":1,"featured_media":8,"parent":0,"menu_order":0,"comment_status":"closed","ping_status":"closed","template":"","meta":{"footnotes":""},"class_list":["post-56","page","type-page","status-publish","has-post-thumbnail","hentry"],"yoast_head":"<!-- This site is optimized with the Yoast SEO plugin v23.5 - https:\/\/yoast.com\/wordpress\/plugins\/seo\/ -->\n<title>Gdzie i kiedy joga - Salamba %jogapoznan %jogaiyengara %jogainka<\/title>\n<meta name=\"description\" content=\"Joga Iyengara dla pocz\u0105tkuj\u0105cych i zaawansowanych w Poznaniu, zaj\u0119cia prowadzi certyfikowana nauczycielka jogi\" \/>\n<meta name=\"robots\" content=\"index, follow, max-snippet:-1, max-image-preview:large, max-video-preview:-1\" \/>\n<link rel=\"canonical\" href=\"https:\/\/salamba.pl\/?page_id=56\" \/>\n<meta property=\"og:locale\" content=\"pl_PL\" \/>\n<meta property=\"og:type\" content=\"article\" \/>\n<meta property=\"og:title\" content=\"Gdzie i kiedy joga - Salamba %jogapoznan %jogaiyengara %jogainka\" \/>\n<meta property=\"og:description\" content=\"Joga Iyengara dla pocz\u0105tkuj\u0105cych i zaawansowanych w Poznaniu, zaj\u0119cia prowadzi certyfikowana nauczycielka jogi\" \/>\n<meta property=\"og:url\" content=\"https:\/\/salamba.pl\/?page_id=56\" \/>\n<meta property=\"og:site_name\" content=\"Salamba\" \/>\n<meta property=\"article:publisher\" content=\"https:\/\/www.facebook.com\/inkajoga\" \/>\n<meta property=\"article:modified_time\" content=\"2026-02-25T21:21:15+00:00\" \/>\n<meta property=\"og:image\" content=\"https:\/\/salamba.pl\/wp-content\/uploads\/2018\/08\/20727740_1826224734059476_712455150_o.jpg\" \/>\n\t<meta property=\"og:image:width\" content=\"2048\" \/>\n\t<meta property=\"og:image:height\" content=\"1365\" \/>\n\t<meta property=\"og:image:type\" content=\"image\/jpeg\" \/>\n<meta name=\"twitter:card\" content=\"summary_large_image\" \/>\n<meta name=\"twitter:label1\" content=\"Szacowany czas czytania\" \/>\n\t<meta name=\"twitter:data1\" content=\"2 minuty\" \/>\n<script type=\"application\/ld+json\" class=\"yoast-schema-graph\">{\"@context\":\"https:\/\/schema.org\",\"@graph\":[{\"@type\":\"WebPage\",\"@id\":\"https:\/\/salamba.pl\/?page_id=56\",\"url\":\"https:\/\/salamba.pl\/?page_id=56\",\"name\":\"Gdzie i kiedy joga - Salamba %jogapoznan %jogaiyengara %jogainka\",\"isPartOf\":{\"@id\":\"https:\/\/salamba.pl\/#website\"},\"primaryImageOfPage\":{\"@id\":\"https:\/\/salamba.pl\/?page_id=56#primaryimage\"},\"image\":{\"@id\":\"https:\/\/salamba.pl\/?page_id=56#primaryimage\"},\"thumbnailUrl\":\"https:\/\/salamba.pl\/wp-content\/uploads\/2018\/08\/20727740_1826224734059476_712455150_o.jpg\",\"datePublished\":\"2018-08-15T14:12:55+00:00\",\"dateModified\":\"2026-02-25T21:21:15+00:00\",\"description\":\"Joga Iyengara dla pocz\u0105tkuj\u0105cych i zaawansowanych w Poznaniu, zaj\u0119cia prowadzi certyfikowana nauczycielka jogi\",\"breadcrumb\":{\"@id\":\"https:\/\/salamba.pl\/?page_id=56#breadcrumb\"},\"inLanguage\":\"pl-PL\",\"potentialAction\":[{\"@type\":\"ReadAction\",\"target\":[\"https:\/\/salamba.pl\/?page_id=56\"]}]},{\"@type\":\"ImageObject\",\"inLanguage\":\"pl-PL\",\"@id\":\"https:\/\/salamba.pl\/?page_id=56#primaryimage\",\"url\":\"https:\/\/salamba.pl\/wp-content\/uploads\/2018\/08\/20727740_1826224734059476_712455150_o.jpg\",\"contentUrl\":\"https:\/\/salamba.pl\/wp-content\/uploads\/2018\/08\/20727740_1826224734059476_712455150_o.jpg\",\"width\":2048,\"height\":1365},{\"@type\":\"BreadcrumbList\",\"@id\":\"https:\/\/salamba.pl\/?page_id=56#breadcrumb\",\"itemListElement\":[{\"@type\":\"ListItem\",\"position\":1,\"name\":\"Strona g\u0142\u00f3wna\",\"item\":\"https:\/\/salamba.pl\/\"},{\"@type\":\"ListItem\",\"position\":2,\"name\":\"Gdzie i kiedy joga\"}]},{\"@type\":\"WebSite\",\"@id\":\"https:\/\/salamba.pl\/#website\",\"url\":\"https:\/\/salamba.pl\/\",\"name\":\"Salamba\",\"description\":\"Joga Inka Salamba\",\"publisher\":{\"@id\":\"https:\/\/salamba.pl\/#organization\"},\"potentialAction\":[{\"@type\":\"SearchAction\",\"target\":{\"@type\":\"EntryPoint\",\"urlTemplate\":\"https:\/\/salamba.pl\/?s={search_term_string}\"},\"query-input\":{\"@type\":\"PropertyValueSpecification\",\"valueRequired\":true,\"valueName\":\"search_term_string\"}}],\"inLanguage\":\"pl-PL\"},{\"@type\":\"Organization\",\"@id\":\"https:\/\/salamba.pl\/#organization\",\"name\":\"Salamba\",\"url\":\"https:\/\/salamba.pl\/\",\"logo\":{\"@type\":\"ImageObject\",\"inLanguage\":\"pl-PL\",\"@id\":\"https:\/\/salamba.pl\/#\/schema\/logo\/image\/\",\"url\":\"https:\/\/salamba.pl\/wp-content\/uploads\/2018\/08\/g115.png\",\"contentUrl\":\"https:\/\/salamba.pl\/wp-content\/uploads\/2018\/08\/g115.png\",\"width\":277,\"height\":323,\"caption\":\"Salamba\"},\"image\":{\"@id\":\"https:\/\/salamba.pl\/#\/schema\/logo\/image\/\"},\"sameAs\":[\"https:\/\/www.facebook.com\/inkajoga\"]}]}<\/script>\n<!-- \/ Yoast SEO plugin. -->","yoast_head_json":{"title":"Gdzie i kiedy joga - Salamba %jogapoznan %jogaiyengara %jogainka","description":"Joga Iyengara dla pocz\u0105tkuj\u0105cych i zaawansowanych w Poznaniu, zaj\u0119cia prowadzi certyfikowana nauczycielka jogi","robots":{"index":"index","follow":"follow","max-snippet":"max-snippet:-1","max-image-preview":"max-image-preview:large","max-video-preview":"max-video-preview:-1"},"canonical":"https:\/\/salamba.pl\/?page_id=56","og_locale":"pl_PL","og_type":"article","og_title":"Gdzie i kiedy joga - Salamba %jogapoznan %jogaiyengara %jogainka","og_description":"Joga Iyengara dla pocz\u0105tkuj\u0105cych i zaawansowanych w Poznaniu, zaj\u0119cia prowadzi certyfikowana nauczycielka jogi","og_url":"https:\/\/salamba.pl\/?page_id=56","og_site_name":"Salamba","article_publisher":"https:\/\/www.facebook.com\/inkajoga","article_modified_time":"2026-02-25T21:21:15+00:00","og_image":[{"width":2048,"height":1365,"url":"https:\/\/salamba.pl\/wp-content\/uploads\/2018\/08\/20727740_1826224734059476_712455150_o.jpg","type":"image\/jpeg"}],"twitter_card":"summary_large_image","twitter_misc":{"Szacowany czas czytania":"2 minuty"},"schema":{"@context":"https:\/\/schema.org","@graph":[{"@type":"WebPage","@id":"https:\/\/salamba.pl\/?page_id=56","url":"https:\/\/salamba.pl\/?page_id=56","name":"Gdzie i kiedy joga - Salamba %jogapoznan %jogaiyengara %jogainka","isPartOf":{"@id":"https:\/\/salamba.pl\/#website"},"primaryImageOfPage":{"@id":"https:\/\/salamba.pl\/?page_id=56#primaryimage"},"image":{"@id":"https:\/\/salamba.pl\/?page_id=56#primaryimage"},"thumbnailUrl":"https:\/\/salamba.pl\/wp-content\/uploads\/2018\/08\/20727740_1826224734059476_712455150_o.jpg","datePublished":"2018-08-15T14:12:55+00:00","dateModified":"2026-02-25T21:21:15+00:00","description":"Joga Iyengara dla pocz\u0105tkuj\u0105cych i zaawansowanych w Poznaniu, zaj\u0119cia prowadzi certyfikowana nauczycielka jogi","breadcrumb":{"@id":"https:\/\/salamba.pl\/?page_id=56#breadcrumb"},"inLanguage":"pl-PL","potentialAction":[{"@type":"ReadAction","target":["https:\/\/salamba.pl\/?page_id=56"]}]},{"@type":"ImageObject","inLanguage":"pl-PL","@id":"https:\/\/salamba.pl\/?page_id=56#primaryimage","url":"https:\/\/salamba.pl\/wp-content\/uploads\/2018\/08\/20727740_1826224734059476_712455150_o.jpg","contentUrl":"https:\/\/salamba.pl\/wp-content\/uploads\/2018\/08\/20727740_1826224734059476_712455150_o.jpg","width":2048,"height":1365},{"@type":"BreadcrumbList","@id":"https:\/\/salamba.pl\/?page_id=56#breadcrumb","itemListElement":[{"@type":"ListItem","position":1,"name":"Strona g\u0142\u00f3wna","item":"https:\/\/salamba.pl\/"},{"@type":"ListItem","position":2,"name":"Gdzie i kiedy joga"}]},{"@type":"WebSite","@id":"https:\/\/salamba.pl\/#website","url":"https:\/\/salamba.pl\/","name":"Salamba","description":"Joga Inka Salamba","publisher":{"@id":"https:\/\/salamba.pl\/#organization"},"potentialAction":[{"@type":"SearchAction","target":{"@type":"EntryPoint","urlTemplate":"https:\/\/salamba.pl\/?s={search_term_string}"},"query-input":{"@type":"PropertyValueSpecification","valueRequired":true,"valueName":"search_term_string"}}],"inLanguage":"pl-PL"},{"@type":"Organization","@id":"https:\/\/salamba.pl\/#organization","name":"Salamba","url":"https:\/\/salamba.pl\/","logo":{"@type":"ImageObject","inLanguage":"pl-PL","@id":"https:\/\/salamba.pl\/#\/schema\/logo\/image\/","url":"https:\/\/salamba.pl\/wp-content\/uploads\/2018\/08\/g115.png","contentUrl":"https:\/\/salamba.pl\/wp-content\/uploads\/2018\/08\/g115.png","width":277,"height":323,"caption":"Salamba"},"image":{"@id":"https:\/\/salamba.pl\/#\/schema\/logo\/image\/"},"sameAs":["https:\/\/www.facebook.com\/inkajoga"]}]}},"_links":{"self":[{"href":"https:\/\/salamba.pl\/index.php?rest_route=\/wp\/v2\/pages\/56","targetHints":{"allow":["GET"]}}],"collection":[{"href":"https:\/\/salamba.pl\/index.php?rest_route=\/wp\/v2\/pages"}],"about":[{"href":"https:\/\/salamba.pl\/index.php?rest_route=\/wp\/v2\/types\/page"}],"author":[{"embeddable":true,"href":"https:\/\/salamba.pl\/index.php?rest_route=\/wp\/v2\/users\/1"}],"replies":[{"embeddable":true,"href":"https:\/\/salamba.pl\/index.php?rest_route=%2Fwp%2Fv2%2Fcomments&post=56"}],"version-history":[{"count":44,"href":"https:\/\/salamba.pl\/index.php?rest_route=\/wp\/v2\/pages\/56\/revisions"}],"predecessor-version":[{"id":24806,"href":"https:\/\/salamba.pl\/index.php?rest_route=\/wp\/v2\/pages\/56\/revisions\/24806"}],"wp:featuredmedia":[{"embeddable":true,"href":"https:\/\/salamba.pl\/index.php?rest_route=\/wp\/v2\/media\/8"}],"wp:attachment":[{"href":"https:\/\/salamba.pl\/index.php?rest_route=%2Fwp%2Fv2%2Fmedia&parent=56"}],"curies":[{"name":"wp","href":"https:\/\/api.w.org\/{rel}","templated":true}]}}